{"id":2,"date":"2009-10-07T09:25:26","date_gmt":"2009-10-07T07:25:26","guid":{"rendered":"http:\/\/www.psr-stoecker.de\/?page_id=2"},"modified":"2009-10-07T17:21:26","modified_gmt":"2009-10-07T15:21:26","slug":"eine-seite","status":"publish","type":"page","link":"https:\/\/www.psr-stoecker.de\/","title":{"rendered":"Willkommen"},"content":{"rendered":"<p><\/p>\n<h1>Willkommen bei PSR Steuer- u. Regeltechnik GmbH<\/h1>\n<p>Ihr Spezialist f\u00fcr<strong> P<\/strong>lanung von <strong>S<\/strong>teuerung und <strong>R<\/strong>egelung f\u00fcr Heizungs-, L\u00fcftungs-\u00a0 und Klimasysteme f\u00fcr die Industrie, das Handwerk\u00a0 und SPS-Steuerung.<\/p>\n<p>Die <em>PSR Steuer- u. Regeltechnik GmbH<\/em> ist hervorgegangen aus dem 1997 gegr\u00fcndeten Einzelunternehmen PSR-St\u00f6cker.<\/p>\n<p>Die <em>PSR Steuer- u. Regeltechnik GmbH<\/em> steht f\u00fcr fachliches Know-how und individuelle Turnkey-L\u00f6sungen.<\/p>\n<p>Der Firmengr\u00fcnder Uwe St\u00f6cker bringt seine 18-j\u00e4hrige Erfahrung, sein Spezial Know How sowie die Qualifizierung f\u00fcr Steuer- und Regel-Systeme in das Unternehmen ein.<\/p>\n<p>Der langj\u00e4hrige Erfolg beruht auf einer Qualit\u00e4tsorientierten Kundenausrichtung ebenso wie der Umgang mit fremden Kulturen und der Anwendung verschiedenster lokaler technischer Standards.<\/p>\n<p>H\u00f6chstleistung erfordert Spezialisierung. Umfassende fachliche Kompetenz, Flexibilit\u00e4t und Internationalit\u00e4t sind unser St\u00e4rke. Durch umfangreiche Erfahrung kennen wir die Anforderungen unserer Kunden, der Industrie und desHandwerks.<\/p>\n<p>Mehr denn je sind heute attraktive, wirtschaftliche und umweltfreundliche Mobilit\u00e4tsl\u00f6sungen gefragt.<\/p>\n<p>Die Realisierung solcher Projekte ist \u00e4u\u00dferst komplex und erfolgt deswegen oft auf Turnkey-Basis.<\/p>\n<p>Neben technisch innovativen Systemen garantiert die <em>PSR Steuer- u. Regeltechnik GmbH<\/em> durch umfassende Kompetenz im Engineering, in der Systemintegration sowie in der Projektabwicklung, den Betreibern in aller Welt effiziente, sichere und kundenorientierte L\u00f6sungen.<\/p>","protected":false},"excerpt":{"rendered":"<p>Willkommen bei PSR Steuer- u. Regeltechnik GmbH Ihr Spezialist f\u00fcr Planung von Steuerung und Regelung f\u00fcr Heizungs-, L\u00fcftungs-\u00a0 und Klimasysteme f\u00fcr die Industrie, das Handwerk\u00a0 und SPS-Steuerung. Die PSR Steuer- u. Regeltechnik GmbH ist hervorgegangen aus dem 1997 gegr\u00fcndeten Einzelunternehmen PSR-St\u00f6cker. Die PSR Steuer- u. Regeltechnik GmbH steht f\u00fcr fachliches Know-how und individuelle Turnkey-L\u00f6sungen. Der [&hellip;]<\/p>\n","protected":false},"author":1,"featured_media":0,"parent":0,"menu_order":1,"comment_status":"closed","ping_status":"closed","template":"","meta":{"footnotes":""},"_links":{"self":[{"href":"https:\/\/www.psr-stoecker.de\/index.php?rest_route=\/wp\/v2\/pages\/2"}],"collection":[{"href":"https:\/\/www.psr-stoecker.de\/index.php?rest_route=\/wp\/v2\/pages"}],"about":[{"href":"https:\/\/www.psr-stoecker.de\/index.php?rest_route=\/wp\/v2\/types\/page"}],"author":[{"embeddable":true,"href":"https:\/\/www.psr-stoecker.de\/index.php?rest_route=\/wp\/v2\/users\/1"}],"replies":[{"embeddable":true,"href":"https:\/\/www.psr-stoecker.de\/index.php?rest_route=%2Fwp%2Fv2%2Fcomments&post=2"}],"version-history":[{"count":4,"href":"https:\/\/www.psr-stoecker.de\/index.php?rest_route=\/wp\/v2\/pages\/2\/revisions"}],"predecessor-version":[{"id":3,"href":"https:\/\/www.psr-stoecker.de\/index.php?rest_route=\/wp\/v2\/pages\/2\/revisions\/3"}],"wp:attachment":[{"href":"https:\/\/www.psr-stoecker.de\/index.php?rest_route=%2Fwp%2Fv2%2Fmedia&parent=2"}],"curies":[{"name":"wp","href":"https:\/\/api.w.org\/{rel}","templated":true}]}}